{"id":144,"date":"2019-08-28T18:26:34","date_gmt":"2019-08-28T16:26:34","guid":{"rendered":"https:\/\/www.ff-gruenburg.at\/ff\/?page_id=144"},"modified":"2024-03-11T12:49:28","modified_gmt":"2024-03-11T11:49:28","slug":"fahrzeuge","status":"publish","type":"page","link":"https:\/\/www.ff-gruenburg.at\/ff\/fahrzeuge\/","title":{"rendered":"Fahrzeuge"},"content":{"rendered":"\n<div class=\"wp-block-media-text alignwide\" style=\"grid-template-columns:59% auto\"><figure class=\"wp-block-media-text__media\"><img loading=\"lazy\" decoding=\"async\" width=\"1024\" height=\"769\" src=\"https:\/\/www.ff-gruenburg.at\/ff\/wp-content\/uploads\/2024\/03\/RLFA-T-1024x769.png\" alt=\"\" class=\"wp-image-1869 size-full\" srcset=\"https:\/\/www.ff-gruenburg.at\/ff\/wp-content\/uploads\/2024\/03\/RLFA-T-1024x769.png 1024w, https:\/\/www.ff-gruenburg.at\/ff\/wp-content\/uploads\/2024\/03\/RLFA-T-300x225.png 300w, https:\/\/www.ff-gruenburg.at\/ff\/wp-content\/uploads\/2024\/03\/RLFA-T-768x577.png 768w, https:\/\/www.ff-gruenburg.at\/ff\/wp-content\/uploads\/2024\/03\/RLFA-T-1536x1153.png 1536w, https:\/\/www.ff-gruenburg.at\/ff\/wp-content\/uploads\/2024\/03\/RLFA-T.png 1881w\" sizes=\"auto, (max-width: 1024px) 100vw, 1024px\" \/><\/figure><div class=\"wp-block-media-text__content\">\n<p><strong>RLFA 2000 Tunnel<\/strong><br>MAN TGM 18.320<br>2000 l L\u00f6schwasser<br>18 Tonnen Gesamtgewicht <br>320 PS<br>Bj. 2022<\/p>\n\n\n\n<p><br>Fahrzeug f\u00fcr verschiedene Eins\u00e4tze mit Ausr\u00fcstung f\u00fcr Tunneleins\u00e4tze, Bergeger\u00e4t und L\u00f6schwasser  <\/p>\n<\/div><\/div>\n\n\n\n<hr class=\"wp-block-separator has-alpha-channel-opacity is-style-wide\"\/>\n\n\n\n<div class=\"wp-block-media-text alignwide\" style=\"grid-template-columns:59% auto\"><figure class=\"wp-block-media-text__media\"><img loading=\"lazy\" decoding=\"async\" width=\"3968\" height=\"2976\" src=\"https:\/\/i1.wp.com\/www.ff-gruenburg.at\/ff\/wp-content\/uploads\/2019\/08\/IMG_20180408_105640.jpg?fit=700%2C525&amp;ssl=1\" alt=\"\" class=\"wp-image-203 size-full\" srcset=\"https:\/\/www.ff-gruenburg.at\/ff\/wp-content\/uploads\/2019\/08\/IMG_20180408_105640.jpg 3968w, https:\/\/www.ff-gruenburg.at\/ff\/wp-content\/uploads\/2019\/08\/IMG_20180408_105640-300x225.jpg 300w, https:\/\/www.ff-gruenburg.at\/ff\/wp-content\/uploads\/2019\/08\/IMG_20180408_105640-768x576.jpg 768w, https:\/\/www.ff-gruenburg.at\/ff\/wp-content\/uploads\/2019\/08\/IMG_20180408_105640-1024x768.jpg 1024w, https:\/\/www.ff-gruenburg.at\/ff\/wp-content\/uploads\/2019\/08\/IMG_20180408_105640-150x113.jpg 150w, https:\/\/www.ff-gruenburg.at\/ff\/wp-content\/uploads\/2019\/08\/IMG_20180408_105640-1000x750.jpg 1000w\" sizes=\"auto, (max-width: 3968px) 100vw, 3968px\" \/><\/figure><div class=\"wp-block-media-text__content\">\n<p><strong>KLF-A<\/strong><br>Merzedes Benz Sprinter 4&#215;4 <br>190 PS <br>Bj. 2011<\/p>\n\n\n\n<p><br>Pumpenfahrzeug zur Wasserversorgung an die Einsatzstelle.<\/p>\n<\/div><\/div>\n\n\n\n<hr class=\"wp-block-separator has-alpha-channel-opacity is-style-wide\"\/>\n\n\n\n<div class=\"wp-block-media-text alignwide\" style=\"grid-template-columns:59% auto\"><figure class=\"wp-block-media-text__media\"><img loading=\"lazy\" decoding=\"async\" width=\"1024\" height=\"768\" src=\"https:\/\/www.ff-gruenburg.at\/ff\/wp-content\/uploads\/2019\/08\/IMG_20190412_193841-1024x768.jpg\" alt=\"\" class=\"wp-image-355 size-full\" srcset=\"https:\/\/www.ff-gruenburg.at\/ff\/wp-content\/uploads\/2019\/08\/IMG_20190412_193841-1024x768.jpg 1024w, https:\/\/www.ff-gruenburg.at\/ff\/wp-content\/uploads\/2019\/08\/IMG_20190412_193841-300x225.jpg 300w, https:\/\/www.ff-gruenburg.at\/ff\/wp-content\/uploads\/2019\/08\/IMG_20190412_193841-768x576.jpg 768w, https:\/\/www.ff-gruenburg.at\/ff\/wp-content\/uploads\/2019\/08\/IMG_20190412_193841-150x113.jpg 150w, https:\/\/www.ff-gruenburg.at\/ff\/wp-content\/uploads\/2019\/08\/IMG_20190412_193841-1000x750.jpg 1000w\" sizes=\"auto, (max-width: 1024px) 100vw, 1024px\" \/><\/figure><div class=\"wp-block-media-text__content\">\n<p><strong>KDO<\/strong><br>Nissan NV 400<br>145 PS <br>Bj. 2018<\/p>\n\n\n\n<p><br>Einsatzleitfahrzeug  <\/p>\n<\/div><\/div>\n","protected":false},"excerpt":{"rendered":"<p>RLFA 2000 TunnelMAN TGM 18.3202000 l L\u00f6schwasser18 Tonnen Gesamtgewicht 320 PSBj. 2022 Fahrzeug f\u00fcr verschiedene Eins\u00e4tze mit Ausr\u00fcstung f\u00fcr Tunneleins\u00e4tze,<\/p>\n","protected":false},"author":14,"featured_media":0,"parent":0,"menu_order":0,"comment_status":"closed","ping_status":"closed","template":"","meta":{"ngg_post_thumbnail":0,"footnotes":""},"class_list":["post-144","page","type-page","status-publish","hentry"],"_links":{"self":[{"href":"https:\/\/www.ff-gruenburg.at\/ff\/wp-json\/wp\/v2\/pages\/144","targetHints":{"allow":["GET"]}}],"collection":[{"href":"https:\/\/www.ff-gruenburg.at\/ff\/wp-json\/wp\/v2\/pages"}],"about":[{"href":"https:\/\/www.ff-gruenburg.at\/ff\/wp-json\/wp\/v2\/types\/page"}],"author":[{"embeddable":true,"href":"https:\/\/www.ff-gruenburg.at\/ff\/wp-json\/wp\/v2\/users\/14"}],"replies":[{"embeddable":true,"href":"https:\/\/www.ff-gruenburg.at\/ff\/wp-json\/wp\/v2\/comments?post=144"}],"version-history":[{"count":10,"href":"https:\/\/www.ff-gruenburg.at\/ff\/wp-json\/wp\/v2\/pages\/144\/revisions"}],"predecessor-version":[{"id":1917,"href":"https:\/\/www.ff-gruenburg.at\/ff\/wp-json\/wp\/v2\/pages\/144\/revisions\/1917"}],"wp:attachment":[{"href":"https:\/\/www.ff-gruenburg.at\/ff\/wp-json\/wp\/v2\/media?parent=144"}],"curies":[{"name":"wp","href":"https:\/\/api.w.org\/{rel}","templated":true}]}}