{"id":1658,"date":"2023-07-25T11:42:49","date_gmt":"2023-07-25T09:42:49","guid":{"rendered":"https:\/\/www.ff-gruenburg.at\/ff\/?page_id=1658"},"modified":"2026-01-10T21:52:06","modified_gmt":"2026-01-10T20:52:06","slug":"datenschutz-fotohinweis-ff-fest-23","status":"publish","type":"page","link":"https:\/\/www.ff-gruenburg.at\/ff\/datenschutz-fotohinweis-ff-fest-23\/","title":{"rendered":"Datenschutz \/ Fotohinweis"},"content":{"rendered":"\n<p>Wir fertigen im Rahmen unserer Veranstaltungen Fotos an. Diese Fotos werden zur Darstellung unserer Aktivit\u00e4ten auf unserer Website &#8222;www.ff-gruenburg.at&#8220; und auch in Social-Media-Kan\u00e4len sowie in Printmedien ver\u00f6ffentlicht.<\/p>\n\n\n\n<p>Mit dem Besuch der Veranstaltung nimmst du zur Kenntnis, dass Aufnahmen, die w\u00e4hrend der Veranstaltung gemacht werden, ohne Verg\u00fctungsanspruch verarbeitet werden d\u00fcrfen.<\/p>\n\n\n\n<p><strong>Datenschutzverantwortlicher <\/strong>ist die Freiwillige Feuerwehr Gr\u00fcnburg als Veranstalter. Es ist kein Datenschutzbeauftragter benannt, da keine gesetzliche Notwendigkeit dazu besteht.<\/p>\n\n\n\n<p><strong>Zweck der Datenverarbeitung<\/strong>: Zweck der Verarbeitung ist das Anfertigung von Fotos von den Veranstaltungen sowie Ver\u00f6ffentlichung der Fotos auf der Website &#8222;www.ff-gruenburg.at&#8220; und in Social Media Kan\u00e4len des Verantwortlichen iSd DSGVO zur \u00d6ffentlichkeitsarbeit und Darstellung der Aktivit\u00e4ten des Verantwortlichen, um den Bekanntheitsgrad des Verantwortlichen zu erh\u00f6hen. Fallweise werden ausgesuchte Fotos in Printmedien (zB Jahresbericht Feuerwehr) ver\u00f6ffentlicht, und diese werden an Feuerwehrmitglieder und bei der Haussammlung in einer begrenzten Auflage verteilt.<\/p>\n\n\n\n<p><strong>Rechtsgrundlage<\/strong>: Berechtigtes Interesse iSd Art 6 Abs 1 lit f DSGVO sowie \u00a7\u00a7 12, 13 DSG: \u00d6ffentlichkeitsarbeit und Darstellung der Aktivit\u00e4ten des Verantwortlichen, um den Bekanntheitsgrad des Verantwortlichen zu erh\u00f6hen. Es besteht das Recht, gegen die Verarbeitung Widerspruch zu erheben. Der Widerspruch kann schriftlich an <a href=\"mailto:09314@ro.ooelfv.at\">05103@ki.ooelfv.at<\/a> gerichtet werden. Es ist jedoch davon auszugehen, dass das Interesse des Verantwortlichen an der Anfertigung und Verwendung der Fotos nicht \u00fcberm\u00e4\u00dfig in die Rechte und Freiheiten der nat\u00fcrlichen Personen eingreift, insbesondere da sich diese in den \u00f6ffentlichen Raum begeben haben, auf die Anfertigung und Verwendung der Fotos im Vorfeld und bei der Veranstaltung hingewiesen wurde, sowie sowohl bei der Anfertigung von Fotos und auch der Ver\u00f6ffentlichung derselben darauf geachtet wird, dass keine berechtigten Interessen von abgebildeten Personen verletzt werden. Sofern aus besonders ber\u00fccksichtigungsw\u00fcrdigen Gr\u00fcnden die Rechte und Freiheiten einer abgebildeten Person verletzt sein sollten, werden wir durch geeignete Ma\u00dfnahmen die weitere Verarbeitung unterlassen. Eine Unkenntlichmachung in Printmedien, die bereits ausgegeben sind, kann nicht erfolgen. Eine L\u00f6schung auf der Website oder in Social Media Kan\u00e4len erfolgt im Rahmen der technischen M\u00f6glichkeiten.<\/p>\n\n\n\n<p><strong>Empf\u00e4ngerkategorie<\/strong>: Die Mitglieder des Verantwortlichen, die im Rahmen der Abwicklung der T\u00e4tigkeit die Daten notwendigerweise erhalten m\u00fcssen (z.B. Fotograf, EDV, Verwaltungseinheiten des Verantwortlichen, Administrator Website\/Social Media) sowie die Auftragsverarbeiter, die bei der Verarbeitung (Hosting-Provider Website und Provider Social Media Kan\u00e4le) t\u00e4tig sind. Die Daten werden im Internet der \u00d6ffentlichkeit zur Verf\u00fcgung gestellt, und in Social Media Kan\u00e4len ver\u00f6ffentlicht. Fallweise werden ausgesuchte Fotos in Printmedien (zB Jahresbericht Feuerwehr) ver\u00f6ffentlicht, und diese werden an Feuerwehrmitglieder und bei Haussammlungen in einer begrenzten Auflage verteilt. Die Daten werden nicht an Empf\u00e4nger weitergegeben, die mit diesen Daten eigene Zwecke verfolgen. Bei Social Media Kan\u00e4len kann es jedoch sein, dass der jeweilige Social Media Dienst Verwertungsrecht an den ver\u00f6ffentlichten Daten erh\u00e4lt. Eine \u00dcbermittlung an Empf\u00e4nger in einem Drittland (au\u00dferhalb der EU) oder an eine internationale Organisation ist nicht vorgesehen. Es besteht keine automatisierte Entscheidungsfindung (Profiling).<\/p>\n\n\n\n<p><strong>Notwendigkeit der Bereitstellung<\/strong>: Es ist weder vertraglich noch gesetzlich vorgeschrieben, dass die Daten bereitgestellt werden und es gibt auch keine Verpflichtung dazu.<\/p>\n\n\n\n<p><strong>Deine Rechte<\/strong>: Aufgrund der Datenschutz-Grundverordnung (Artikel 15 bis 22) hast du das Recht auf Auskunft, L\u00f6schung, Einschr\u00e4nkung, Daten\u00fcbertragbarkeit, Berichtigung und Widerspruch. Nachfolgend m\u00f6chten wir dir einige dieser Rechte genauer erl\u00e4utern:<\/p>\n\n\n\n<p><strong>Recht auf Auskunft und Berichtigung&nbsp;<\/strong><\/p>\n\n\n\n<p>Sie erhalten selbstverst\u00e4ndlich Auskunft \u00fcber Ihre personenbezogenen Daten, die von uns gespeichert und verarbeitet werden. Sollten Ihre Daten nicht mehr zutreffend oder unvollst\u00e4ndig sein, k\u00f6nnen Sie eine Berichtigung bzw. Erg\u00e4nzung verlangen.<\/p>\n\n\n\n<p><strong>Recht auf Einschr\u00e4nkung und L\u00f6schung&nbsp;<\/strong><\/p>\n\n\n\n<p>Sie k\u00f6nnen weiters uns gegen\u00fcber Einschr\u00e4nkung der Verarbeitung und jederzeit Ihr \u201eRecht auf Vergessen\u201c aus\u00fcben. In diesem Fall sind wir verpflichtet, die Sie betreffenden personenbezogenen Daten zu l\u00f6schen und alle Empf\u00e4nger, denen Ihre personenbezogenen Daten \u00fcbermittelt wurden, von Ihrem L\u00f6schungsersuchen in Kenntnis zu setzen.<\/p>\n\n\n\n<p><strong>Recht auf Daten\u00fcbertragbarkeit und Widerspruch sowie Ma\u00dfnahmen im Zusammenhang mit automatisierter Entscheidungsfindung<\/strong><br>Sie k\u00f6nnen zudem die Bereitstellung Ihrer Daten im Rahmen des Rechts auf Daten\u00fcbertragbarkeit aus\u00fcben. Sofern zutreffend, k\u00f6nnen Sie zudem verschiedene Ma\u00dfnahmen im Rahmen automatisierter Datenverarbeitungen verlangen bzw. der Verarbeitung widersprechen.<\/p>\n\n\n\n<p><strong>Recht, bei der Datenschutzbeh\u00f6rde eine Beschwerde zu erheben<\/strong><br>Sie haben das Recht, bei der Datenschutzbeh\u00f6rde eine Beschwerde zu erheben, wenn Sie sich in Ihren Rechten verletzt erachten. Die Kontaktdaten der \u00f6sterreichischen Datenschutzbeh\u00f6rde finden Sie hier: www.dsb.gv.at\/kontakt.<\/p>\n\n\n\n<p><strong>An wen kannst du dich wenden?<\/strong> Bei Fragen zu dieser Datenschutzerkl\u00e4rung oder zur Aus\u00fcbung Ihrer Rechte wenden Sie sich bitte an <a href=\"mailto:09314@ro.ooelfv.at\">05103@ki.ooelfv.at<\/a>. Wir werden Ihr Anliegen ehest m\u00f6glich beantworten.<\/p>\n","protected":false},"excerpt":{"rendered":"<p>Wir fertigen im Rahmen unserer Veranstaltungen Fotos an. Diese Fotos werden zur Darstellung unserer Aktivit\u00e4ten auf unserer Website &#8222;www.ff-gruenburg.at&#8220; und<\/p>\n","protected":false},"author":14,"featured_media":0,"parent":0,"menu_order":0,"comment_status":"closed","ping_status":"closed","template":"","meta":{"ngg_post_thumbnail":0,"footnotes":""},"class_list":["post-1658","page","type-page","status-publish","hentry"],"_links":{"self":[{"href":"https:\/\/www.ff-gruenburg.at\/ff\/wp-json\/wp\/v2\/pages\/1658","targetHints":{"allow":["GET"]}}],"collection":[{"href":"https:\/\/www.ff-gruenburg.at\/ff\/wp-json\/wp\/v2\/pages"}],"about":[{"href":"https:\/\/www.ff-gruenburg.at\/ff\/wp-json\/wp\/v2\/types\/page"}],"author":[{"embeddable":true,"href":"https:\/\/www.ff-gruenburg.at\/ff\/wp-json\/wp\/v2\/users\/14"}],"replies":[{"embeddable":true,"href":"https:\/\/www.ff-gruenburg.at\/ff\/wp-json\/wp\/v2\/comments?post=1658"}],"version-history":[{"count":5,"href":"https:\/\/www.ff-gruenburg.at\/ff\/wp-json\/wp\/v2\/pages\/1658\/revisions"}],"predecessor-version":[{"id":1666,"href":"https:\/\/www.ff-gruenburg.at\/ff\/wp-json\/wp\/v2\/pages\/1658\/revisions\/1666"}],"wp:attachment":[{"href":"https:\/\/www.ff-gruenburg.at\/ff\/wp-json\/wp\/v2\/media?parent=1658"}],"curies":[{"name":"wp","href":"https:\/\/api.w.org\/{rel}","templated":true}]}}