{"id":328,"date":"2019-08-28T21:07:38","date_gmt":"2019-08-28T19:07:38","guid":{"rendered":"https:\/\/www.ff-gruenburg.at\/ff\/?page_id=328"},"modified":"2025-08-08T06:56:08","modified_gmt":"2025-08-08T04:56:08","slug":"funktionaere","status":"publish","type":"page","link":"https:\/\/www.ff-gruenburg.at\/ff\/funktionaere\/","title":{"rendered":"Funktion\u00e4re"},"content":{"rendered":"\n<div class=\"wp-block-media-text alignwide is-stacked-on-mobile\" style=\"grid-template-columns:16% auto\"><figure class=\"wp-block-media-text__media\"><img loading=\"lazy\" decoding=\"async\" width=\"500\" height=\"660\" src=\"https:\/\/www.ff-gruenburg.at\/ff\/wp-content\/uploads\/2024\/02\/kdt-500x660.png\" alt=\"\" class=\"wp-image-1844 size-slgf_12_thumb\"\/><\/figure><div class=\"wp-block-media-text__content\">\n<p>HBI Bernhard Bichler <br>Kommandant<\/p>\n<\/div><\/div>\n\n\n\n<hr class=\"wp-block-separator has-text-color has-alpha-channel-opacity has-background is-style-wide\" style=\"background-color:#cf543f;color:#cf543f\"\/>\n\n\n\n<div class=\"wp-block-media-text alignwide is-stacked-on-mobile\" style=\"grid-template-columns:16% auto\"><figure class=\"wp-block-media-text__media\"><img loading=\"lazy\" decoding=\"async\" width=\"500\" height=\"660\" src=\"https:\/\/www.ff-gruenburg.at\/ff\/wp-content\/uploads\/2024\/02\/kdt-stv-500x660.png\" alt=\"\" class=\"wp-image-1845 size-slgf_12_thumb\"\/><\/figure><div class=\"wp-block-media-text__content\">\n<p>OBI J\u00fcrgen Hinterberger<br>Kommandant-Stellvertreter<\/p>\n<\/div><\/div>\n\n\n\n<hr class=\"wp-block-separator has-text-color has-alpha-channel-opacity has-background is-style-wide\" style=\"background-color:#cf543f;color:#cf543f\"\/>\n\n\n\n<div class=\"wp-block-media-text alignwide is-stacked-on-mobile\" style=\"grid-template-columns:16% auto\"><figure class=\"wp-block-media-text__media\"><img loading=\"lazy\" decoding=\"async\" width=\"500\" height=\"660\" src=\"https:\/\/www.ff-gruenburg.at\/ff\/wp-content\/uploads\/2024\/02\/schriftfuehrer-500x660.png\" alt=\"\" class=\"wp-image-1846 size-slgf_12_thumb\"\/><\/figure><div class=\"wp-block-media-text__content\">\n<p>BI d.F. Robert Kammerhuber<br>Schriftf\u00fchrer <\/p>\n<\/div><\/div>\n\n\n\n<hr class=\"wp-block-separator has-text-color has-alpha-channel-opacity has-background is-style-wide\" style=\"background-color:#cf543f;color:#cf543f\"\/>\n\n\n\n<div class=\"wp-block-media-text alignwide is-stacked-on-mobile\" style=\"grid-template-columns:16% auto\"><figure class=\"wp-block-media-text__media\"><img loading=\"lazy\" decoding=\"async\" width=\"500\" height=\"660\" src=\"https:\/\/www.ff-gruenburg.at\/ff\/wp-content\/uploads\/2024\/02\/kassier-500x660.png\" alt=\"\" class=\"wp-image-1843 size-slgf_12_thumb\"\/><\/figure><div class=\"wp-block-media-text__content\">\n<p>BI d.F. Thomas Augustin<br>Kassier <\/p>\n<\/div><\/div>\n\n\n\n<hr class=\"wp-block-separator has-text-color has-alpha-channel-opacity has-background is-style-wide\" style=\"background-color:#cf543f;color:#cf543f\"\/>\n\n\n\n<div class=\"wp-block-media-text alignwide is-stacked-on-mobile\" style=\"grid-template-columns:16% auto\"><figure class=\"wp-block-media-text__media\"><img loading=\"lazy\" decoding=\"async\" width=\"500\" height=\"660\" src=\"https:\/\/www.ff-gruenburg.at\/ff\/wp-content\/uploads\/2024\/02\/geraetewart-500x660.png\" alt=\"\" class=\"wp-image-1840 size-slgf_12_thumb\"\/><\/figure><div class=\"wp-block-media-text__content\">\n<p>BI d.F. Michael Pernegger<br>Ger\u00e4tewart<\/p>\n<\/div><\/div>\n\n\n\n<hr class=\"wp-block-separator has-text-color has-alpha-channel-opacity has-background is-style-wide\" style=\"background-color:#cf543f;color:#cf543f\"\/>\n\n\n\n<div class=\"wp-block-media-text alignwide is-stacked-on-mobile\" style=\"grid-template-columns:16% auto\"><figure class=\"wp-block-media-text__media\"><img loading=\"lazy\" decoding=\"async\" width=\"397\" height=\"513\" src=\"https:\/\/www.ff-gruenburg.at\/ff\/wp-content\/uploads\/2023\/01\/avatar_dummy.jpg\" alt=\"\" class=\"wp-image-1418 size-slgf_12_thumb\" srcset=\"https:\/\/www.ff-gruenburg.at\/ff\/wp-content\/uploads\/2023\/01\/avatar_dummy.jpg 397w, https:\/\/www.ff-gruenburg.at\/ff\/wp-content\/uploads\/2023\/01\/avatar_dummy-232x300.jpg 232w, https:\/\/www.ff-gruenburg.at\/ff\/wp-content\/uploads\/2023\/01\/avatar_dummy-116x150.jpg 116w\" sizes=\"auto, (max-width: 397px) 100vw, 397px\" \/><\/figure><div class=\"wp-block-media-text__content\">\n<p>HBM d.F. Daniel Hofstetter<br>Jugendbetreuer<\/p>\n<\/div><\/div>\n\n\n\n<hr class=\"wp-block-separator has-text-color has-alpha-channel-opacity has-background is-style-wide\" style=\"background-color:#cf543f;color:#cf543f\"\/>\n\n\n\n<div class=\"wp-block-media-text alignwide is-stacked-on-mobile\" style=\"grid-template-columns:16% auto\"><figure class=\"wp-block-media-text__media\"><img loading=\"lazy\" decoding=\"async\" width=\"500\" height=\"660\" src=\"https:\/\/www.ff-gruenburg.at\/ff\/wp-content\/uploads\/2024\/02\/grp-kdt1-1-500x660.png\" alt=\"\" class=\"wp-image-1847 size-slgf_12_thumb\"\/><\/figure><div class=\"wp-block-media-text__content\">\n<p>HBM Timo Bergmair-Russmann <br>Gruppenkommandant Gruppe 1<\/p>\n<\/div><\/div>\n\n\n\n<hr class=\"wp-block-separator has-text-color has-alpha-channel-opacity has-background is-style-wide\" style=\"background-color:#cf543f;color:#cf543f\"\/>\n\n\n\n<div class=\"wp-block-media-text alignwide is-stacked-on-mobile\" style=\"grid-template-columns:16% auto\"><figure class=\"wp-block-media-text__media\"><img loading=\"lazy\" decoding=\"async\" width=\"500\" height=\"660\" src=\"https:\/\/www.ff-gruenburg.at\/ff\/wp-content\/uploads\/2024\/02\/grp-kdt2-500x660.png\" alt=\"\" class=\"wp-image-1848 size-slgf_12_thumb\"\/><\/figure><div class=\"wp-block-media-text__content\">\n<p>HBM Robert Grieshofer<br>Gruppenkommandant Gruppe 2 <\/p>\n<\/div><\/div>\n\n\n\n<hr class=\"wp-block-separator has-text-color has-alpha-channel-opacity has-background is-style-wide\" style=\"background-color:#cf543f;color:#cf543f\"\/>\n\n\n\n<div class=\"wp-block-media-text alignwide is-stacked-on-mobile\" style=\"grid-template-columns:16% auto\"><figure class=\"wp-block-media-text__media\"><img loading=\"lazy\" decoding=\"async\" width=\"500\" height=\"660\" src=\"https:\/\/www.ff-gruenburg.at\/ff\/wp-content\/uploads\/2024\/02\/as-wart-500x660.png\" alt=\"\" class=\"wp-image-1839 size-slgf_12_thumb\"\/><\/figure><div class=\"wp-block-media-text__content\">\n<p>HBM d.F. Thomas Wirth <br>Atemschutzwart <\/p>\n<\/div><\/div>\n\n\n\n<hr class=\"wp-block-separator has-alpha-channel-opacity is-style-wide\"\/>\n\n\n\n<div class=\"wp-block-media-text alignwide is-stacked-on-mobile\" style=\"grid-template-columns:16% auto\"><figure class=\"wp-block-media-text__media\"><img loading=\"lazy\" decoding=\"async\" width=\"500\" height=\"660\" src=\"https:\/\/www.ff-gruenburg.at\/ff\/wp-content\/uploads\/2024\/03\/lun-kdt-500x660.png\" alt=\"\" class=\"wp-image-1887 size-slgf_12_thumb\"\/><\/figure><div class=\"wp-block-media-text__content\">\n<p>BI Thomas Aigner <br>LUN Kommandant <\/p>\n<\/div><\/div>\n\n\n\n<p class=\"has-medium-font-size\"><\/p>\n","protected":false},"excerpt":{"rendered":"<p>HBI Bernhard Bichler Kommandant OBI J\u00fcrgen HinterbergerKommandant-Stellvertreter BI d.F. Robert KammerhuberSchriftf\u00fchrer BI d.F. Thomas AugustinKassier BI d.F. Michael PerneggerGer\u00e4tewart HBM<\/p>\n","protected":false},"author":14,"featured_media":0,"parent":0,"menu_order":0,"comment_status":"closed","ping_status":"closed","template":"","meta":{"ngg_post_thumbnail":0,"footnotes":""},"class_list":["post-328","page","type-page","status-publish","hentry"],"_links":{"self":[{"href":"https:\/\/www.ff-gruenburg.at\/ff\/wp-json\/wp\/v2\/pages\/328","targetHints":{"allow":["GET"]}}],"collection":[{"href":"https:\/\/www.ff-gruenburg.at\/ff\/wp-json\/wp\/v2\/pages"}],"about":[{"href":"https:\/\/www.ff-gruenburg.at\/ff\/wp-json\/wp\/v2\/types\/page"}],"author":[{"embeddable":true,"href":"https:\/\/www.ff-gruenburg.at\/ff\/wp-json\/wp\/v2\/users\/14"}],"replies":[{"embeddable":true,"href":"https:\/\/www.ff-gruenburg.at\/ff\/wp-json\/wp\/v2\/comments?post=328"}],"version-history":[{"count":39,"href":"https:\/\/www.ff-gruenburg.at\/ff\/wp-json\/wp\/v2\/pages\/328\/revisions"}],"predecessor-version":[{"id":2072,"href":"https:\/\/www.ff-gruenburg.at\/ff\/wp-json\/wp\/v2\/pages\/328\/revisions\/2072"}],"wp:attachment":[{"href":"https:\/\/www.ff-gruenburg.at\/ff\/wp-json\/wp\/v2\/media?parent=328"}],"curies":[{"name":"wp","href":"https:\/\/api.w.org\/{rel}","templated":true}]}}