{"id":36,"date":"2019-08-27T20:26:57","date_gmt":"2019-08-27T18:26:57","guid":{"rendered":"http:\/\/www.ff-gruenburg.at\/ff\/?page_id=36"},"modified":"2019-09-22T18:54:57","modified_gmt":"2019-09-22T16:54:57","slug":"jugend","status":"publish","type":"page","link":"https:\/\/www.ff-gruenburg.at\/ff\/jugend\/","title":{"rendered":"Jugend"},"content":{"rendered":"\n<div class=\"wp-block-image\"><figure class=\"aligncenter\"><img loading=\"lazy\" decoding=\"async\" width=\"327\" height=\"174\" src=\"https:\/\/www.ff-gruenburg.at\/ff\/wp-content\/uploads\/2019\/08\/sei_dabei_FJ-1.png\" alt=\"\" class=\"wp-image-361\" srcset=\"https:\/\/www.ff-gruenburg.at\/ff\/wp-content\/uploads\/2019\/08\/sei_dabei_FJ-1.png 327w, https:\/\/www.ff-gruenburg.at\/ff\/wp-content\/uploads\/2019\/08\/sei_dabei_FJ-1-300x160.png 300w, https:\/\/www.ff-gruenburg.at\/ff\/wp-content\/uploads\/2019\/08\/sei_dabei_FJ-1-150x80.png 150w\" sizes=\"auto, (max-width: 327px) 100vw, 327px\" \/><\/figure><\/div>\n\n\n<p>[display-posts category=&#8220;jugend&#8220;]<\/p>\n\n\n<h2 class=\"wp-block-heading\"> FEUERWEHRJUGEND ALS SINNVOLLE FREIZEITAKTIVIT\u00c4T <\/h2>\n\n\n\n<p>Die Mitgliedschaft in der Feuerwehrjugend stellt eine sinnvolle und aufregende Freizeitgestaltung dar und sichert den Nachwuchs der freiwilligen Helfer der ober\u00f6sterreichischen Freiwilligen Feuerwehren.<br><br>Mit der Vollendung des 10. Lebensjahres haben die Jugendlichen die M\u00f6glichkeit einer Feuerwehr beizutreten, wo sie zun\u00e4chst in der Feuerwehrjugendgruppe von eigens daf\u00fcr ausgebildeten Jugendbetreuern und -helfern betreut werden.&nbsp;<br>Zwischen dem 10. und dem 16. Lebensjahr gibt es viele Ausbildungsm\u00f6glichkeiten bzw. kannst du in der&nbsp;<a rel=\"noreferrer noopener\" href=\"https:\/\/www.ooelfv.at\/feuerwehrjugend\/action\/deine-laufbahn\/\" target=\"_blank\">Laufbahn<\/a>&nbsp;deine &#8222;Feuerwehrkarriere&#8220; selber mitgestalten.&nbsp;<br>Mit dem 16. Lebensjahr werden sie dann in den &#8222;Aktivstand&#8220; der Freiwilligen Feuerwehr \u00fcberstellt. Erst ab diesem Zeitpunkt d\u00fcrfen sie auch an Eins\u00e4tzen teilnehmen.<br><br>In der Feuerwehrjugendgruppe werden die Jugendlichen mit den zuk\u00fcnftigen Aufgaben eines JFM (JungFeuerwehrMitglied)&nbsp; spielerisch vertraut gemacht.<br><br>Ein wichtiger Aspekt bei der Feuerwehrjugend ist die Vermittlung, wie wichtig gemeinn\u00fctziges Helfen in einer Gesellschaft ist. Dar\u00fcber hinaus wird auch das erfolgreiche Arbeiten im Team bzw. in der Kameradschaft trainiert.<br><br>Leider haben nicht alle Freiwilligen Feuerwehren Ober\u00f6sterreichs eine eigene Jugendgruppe. Gibt es mehrere Feuerwehren in einer Gemeinde, so arbeiten meistens alle JFM in einer Jugendgruppe zusammen.&nbsp;<br><br>F\u00fcr weitere Informationen oder bei Interesse  melden sie sich bitte unter info@ff-gruenburg.at<\/p>\n\n\n\n<p><\/p>\n","protected":false},"excerpt":{"rendered":"<p>[display-posts category=&#8220;jugend&#8220;] FEUERWEHRJUGEND ALS SINNVOLLE FREIZEITAKTIVIT\u00c4T Die Mitgliedschaft in der Feuerwehrjugend stellt eine sinnvolle und aufregende Freizeitgestaltung dar und sichert<\/p>\n","protected":false},"author":14,"featured_media":0,"parent":0,"menu_order":0,"comment_status":"closed","ping_status":"closed","template":"","meta":{"ngg_post_thumbnail":0,"footnotes":""},"class_list":["post-36","page","type-page","status-publish","hentry"],"_links":{"self":[{"href":"https:\/\/www.ff-gruenburg.at\/ff\/wp-json\/wp\/v2\/pages\/36","targetHints":{"allow":["GET"]}}],"collection":[{"href":"https:\/\/www.ff-gruenburg.at\/ff\/wp-json\/wp\/v2\/pages"}],"about":[{"href":"https:\/\/www.ff-gruenburg.at\/ff\/wp-json\/wp\/v2\/types\/page"}],"author":[{"embeddable":true,"href":"https:\/\/www.ff-gruenburg.at\/ff\/wp-json\/wp\/v2\/users\/14"}],"replies":[{"embeddable":true,"href":"https:\/\/www.ff-gruenburg.at\/ff\/wp-json\/wp\/v2\/comments?post=36"}],"version-history":[{"count":7,"href":"https:\/\/www.ff-gruenburg.at\/ff\/wp-json\/wp\/v2\/pages\/36\/revisions"}],"predecessor-version":[{"id":756,"href":"https:\/\/www.ff-gruenburg.at\/ff\/wp-json\/wp\/v2\/pages\/36\/revisions\/756"}],"wp:attachment":[{"href":"https:\/\/www.ff-gruenburg.at\/ff\/wp-json\/wp\/v2\/media?parent=36"}],"curies":[{"name":"wp","href":"https:\/\/api.w.org\/{rel}","templated":true}]}}