{"id":572,"date":"2019-09-01T14:02:28","date_gmt":"2019-09-01T12:02:28","guid":{"rendered":"https:\/\/www.ff-gruenburg.at\/ff\/?page_id=572"},"modified":"2025-09-21T10:27:09","modified_gmt":"2025-09-21T08:27:09","slug":"geschichte-der-jugend","status":"publish","type":"page","link":"https:\/\/www.ff-gruenburg.at\/ff\/geschichte-der-jugend\/","title":{"rendered":"Geschichte der Jugend"},"content":{"rendered":"<p><!--StartFragment--><\/p>\n\n\n<h2 class=\"wp-block-heading\">Geschichte der Jugendgruppe<\/h2>\n\n\n\n<h2 class=\"wp-block-heading\"><br> 1990<\/h2>\n\n\n\n<p><br> Gr\u00fcndung der Jugendgruppe im Marz 1990 unter dem Kommandanten<br>  Karl Schwarz. <br> Die Kameraden Josef Schardax als Jugendbetreuer und Josef Kieweg als  Jugendhelfer sind bereit, die verantwortungsvolle Aufgabe der Jugendarbeit zu \u00fcbernehmen. <br> Ziele der Jugendarbeit: <\/p>\n\n\n\n<ul class=\"wp-block-list\">\n<li>Den Grundgedanken der Feuerwehr &#8211; Hilfsbereitschaft &#8211; <br>\nzu Vermitteln<\/li>\n\n\n\n<li>Ausbildung und Vorbereitung f\u00fcr den aktiven Feuerwehrdienst<\/li>\n\n\n\n<li>Sensibilisierung f\u00fcr soziale und umweltorientierte Bereiche<\/li>\n\n\n\n<li>Gemeinschaftsgeist wecken und starken <\/li>\n\n\n\n<li>durch sportliche Aktivit\u00e4ten sinnvolle Freizeitgestaltung bieten<br>\nMit den Sonnen der Feuerwehrkameraden und deren Freunden umfasst<br>\ndie Gruppe zu Beginn 13 Jugendfeuerwehrmitglieder (JFM): <\/li>\n<\/ul>\n\n\n\n<p><br> Aufgrund der jungen Jahre unserer JFM &#8211; offizielles Beitrittsalter 12 Jahre &#8211; <br> ist eine Teilnahme an den Aktivit\u00e4ten der Feuerwehrjugend des Bezirkes<br> noch nicht m\u00f6glich, <br> Bei den monatlichen Zusammenk\u00fcnften werden in spielerischer Form die <br> Feuerwehrgerate kennen gelernt und mit Tankwagen und Pumpenwagen<br> ausgefahren. Beim Abschnittsbewerb in Gr\u00fcnburg auf der Honigwiese wird<br> der Jugendbewerb das erste Mal beobachtet. Weiters wird eine Wanderung<br> durchgef\u00fchrt und das Feuerwehrmuseum in St. Florian besichtigt. <\/p>\n\n\n\n<p><\/p>\n\n\n<div class=\"wp-block-image\">\n<figure class=\"aligncenter is-resized\"><img loading=\"lazy\" decoding=\"async\" width=\"501\" height=\"733\" src=\"https:\/\/www.ff-gruenburg.at\/ff\/wp-content\/uploads\/2019\/08\/1990-rinerberger-Klamm.jpg\" alt=\"\" class=\"wp-image-403\" style=\"width:273px;height:399px\" srcset=\"https:\/\/www.ff-gruenburg.at\/ff\/wp-content\/uploads\/2019\/08\/1990-rinerberger-Klamm.jpg 501w, https:\/\/www.ff-gruenburg.at\/ff\/wp-content\/uploads\/2019\/08\/1990-rinerberger-Klamm-205x300.jpg 205w, https:\/\/www.ff-gruenburg.at\/ff\/wp-content\/uploads\/2019\/08\/1990-rinerberger-Klamm-103x150.jpg 103w\" sizes=\"auto, (max-width: 501px) 100vw, 501px\" \/><figcaption class=\"wp-element-caption\"> Wanderung<br>  zur Rlnnerbergerklamm und \u00fcber denHambaum retour zur Waldklause <\/figcaption><\/figure>\n<\/div>\n\n\n<h2 class=\"wp-block-heading\"><br> 1991<\/h2>\n\n\n\n<p class=\"has-text-align-left\"><br> Jugendgruppe: 13 JFM <br> Gemeinsamer Zusammenbau der <br> Trainingsger\u00e4te z um Jugendleistungs- <br> Bewerb durch die Jugendgruppe<br>  selbst &#8211; s\u00e4gen, bohren, schleifen, <br> zusammenschrauben<br> u. anstreichen. <br> Noch keine Teilnahme an den Aktivit\u00e4ten <br> der Feuerwehrjugend des <br> Bezirkes. Eigene Aktivit\u00e4ten. <br> Letzte Ausfahrt mit dem alten<br>  Tank L\u00f6schfahrzeug, Florianifeier, <br> Segnungsfeier des neuen R\u00fcstloschfahrzeuges. Spiel- u. Grillfest, Wanderungen auf den Schoberstein, Filmvorf\u00fchrung, Weihnachtsfeier<\/p>\n\n\n<div class=\"wp-block-image\">\n<figure class=\"aligncenter is-resized\"><img loading=\"lazy\" decoding=\"async\" width=\"789\" height=\"533\" src=\"https:\/\/www.ff-gruenburg.at\/ff\/wp-content\/uploads\/2019\/08\/Sackh\u00fcpfen-1991.jpg\" alt=\"\" class=\"wp-image-444\" style=\"width:349px;height:235px\" srcset=\"https:\/\/www.ff-gruenburg.at\/ff\/wp-content\/uploads\/2019\/08\/Sackh\u00fcpfen-1991.jpg 789w, https:\/\/www.ff-gruenburg.at\/ff\/wp-content\/uploads\/2019\/08\/Sackh\u00fcpfen-1991-300x203.jpg 300w, https:\/\/www.ff-gruenburg.at\/ff\/wp-content\/uploads\/2019\/08\/Sackh\u00fcpfen-1991-768x519.jpg 768w, https:\/\/www.ff-gruenburg.at\/ff\/wp-content\/uploads\/2019\/08\/Sackh\u00fcpfen-1991-150x101.jpg 150w\" sizes=\"auto, (max-width: 789px) 100vw, 789px\" \/><figcaption class=\"wp-element-caption\">Sackh\u00fcpfen bei der Steyr<\/figcaption><\/figure>\n<\/div>\n\n\n<p>\n\nSpiel- und Grillfest bei der Steyr mit Lagerfeuer und Gitarrenmusik\n\n<\/p>\n\n\n\n<figure class=\"wp-block-image\"><img loading=\"lazy\" decoding=\"async\" width=\"1024\" height=\"493\" src=\"https:\/\/www.ff-gruenburg.at\/ff\/wp-content\/uploads\/2019\/08\/1991-Spiel-und-grillfest-1024x493.jpg\" alt=\"\" class=\"wp-image-404\" srcset=\"https:\/\/www.ff-gruenburg.at\/ff\/wp-content\/uploads\/2019\/08\/1991-Spiel-und-grillfest.jpg 1024w, https:\/\/www.ff-gruenburg.at\/ff\/wp-content\/uploads\/2019\/08\/1991-Spiel-und-grillfest-300x144.jpg 300w, https:\/\/www.ff-gruenburg.at\/ff\/wp-content\/uploads\/2019\/08\/1991-Spiel-und-grillfest-768x370.jpg 768w, https:\/\/www.ff-gruenburg.at\/ff\/wp-content\/uploads\/2019\/08\/1991-Spiel-und-grillfest-150x72.jpg 150w, https:\/\/www.ff-gruenburg.at\/ff\/wp-content\/uploads\/2019\/08\/1991-Spiel-und-grillfest-1000x481.jpg 1000w\" sizes=\"auto, (max-width: 1024px) 100vw, 1024px\" \/><figcaption class=\"wp-element-caption\"><br> <em>Auflistung v.I.: Christian Schmidt, Thomas Aigner; Thorsten Honig, <\/em>Bernhard <br> <em>Bichler; Markus Samwald, Mario Hofstetter; Thomas Schmidt, Christian <br> Skerlan, Dieter Folie, Werner Kieweg, Walter <\/em>Kieweg, <em>Martin Skerlan <\/em> <\/figcaption><\/figure>\n\n\n\n<p>\u00c4nderung in der Betreuung der Jugendgruppe: <br> Jugend Betreuer &#8211; Josef Kieweg, <br> Jugendhelfer &#8211; Roland Wei\u00df.<br> Jugendgruppe: 15 JFM<br> Neuaufnahmen: Daniel Klausriegler, Thomas Retschitzegger<br> Erste Teilnahme am Landes-Feuerwehrleistungsbewerb in Kirchdorf und <br> am Bezirks-Feuerwehrleistungsbewerb in Molln <br> Erste Teilnahme am 3-t\u00e4gigen Bezirks-jugendlager in der Welchau<\/p>\n\n\n\n<h2 class=\"wp-block-heading\">1992<\/h2>\n\n\n\n<p class=\"has-text-align-left\"> Bezirksfeuerwehrleistungsbewerb in Molln<\/p>\n\n\n\n<figure class=\"wp-block-gallery has-nested-images columns-default is-cropped wp-block-gallery-1 is-layout-flex wp-block-gallery-is-layout-flex\">\n<figure class=\"wp-block-image\"><img loading=\"lazy\" decoding=\"async\" width=\"754\" height=\"426\" data-id=\"405\" src=\"https:\/\/www.ff-gruenburg.at\/ff\/wp-content\/uploads\/2019\/08\/1992-Bewerb-in-molln.jpg\" alt=\"\" class=\"wp-image-405\" srcset=\"https:\/\/www.ff-gruenburg.at\/ff\/wp-content\/uploads\/2019\/08\/1992-Bewerb-in-molln.jpg 754w, https:\/\/www.ff-gruenburg.at\/ff\/wp-content\/uploads\/2019\/08\/1992-Bewerb-in-molln-300x168.jpg 300w, https:\/\/www.ff-gruenburg.at\/ff\/wp-content\/uploads\/2019\/08\/1992-Bewerb-in-molln-150x85.jpg 150w\" sizes=\"auto, (max-width: 754px) 100vw, 754px\" \/><\/figure>\n\n\n\n<figure class=\"wp-block-image\"><img loading=\"lazy\" decoding=\"async\" width=\"770\" height=\"512\" data-id=\"406\" src=\"https:\/\/www.ff-gruenburg.at\/ff\/wp-content\/uploads\/2019\/08\/1992-Bewerb-in-molln2.jpg\" alt=\"\" class=\"wp-image-406\" srcset=\"https:\/\/www.ff-gruenburg.at\/ff\/wp-content\/uploads\/2019\/08\/1992-Bewerb-in-molln2.jpg 770w, https:\/\/www.ff-gruenburg.at\/ff\/wp-content\/uploads\/2019\/08\/1992-Bewerb-in-molln2-300x199.jpg 300w, https:\/\/www.ff-gruenburg.at\/ff\/wp-content\/uploads\/2019\/08\/1992-Bewerb-in-molln2-768x511.jpg 768w, https:\/\/www.ff-gruenburg.at\/ff\/wp-content\/uploads\/2019\/08\/1992-Bewerb-in-molln2-150x100.jpg 150w\" sizes=\"auto, (max-width: 770px) 100vw, 770px\" \/><\/figure>\n<\/figure>\n\n\n\n<h2 class=\"wp-block-heading\">1993<\/h2>\n\n\n\n<p><br> Jugendgruppe: 16 JFM <br> Neuaufnahme: Thomas Teichmann<br> Erste Teilnahme am Wissenstest <br> Zweites Bewerbsjahr: beim Land-Feuerwehrleistungsbewerb in Bronze <br> den 45. Rang und in Silber den 49. Rang erreicht<\/p>\n\n\n\n<figure class=\"wp-block-image\"><img loading=\"lazy\" decoding=\"async\" width=\"808\" height=\"552\" src=\"https:\/\/www.ff-gruenburg.at\/ff\/wp-content\/uploads\/2019\/08\/winterwanderung.jpg\" alt=\"\" class=\"wp-image-435\" srcset=\"https:\/\/www.ff-gruenburg.at\/ff\/wp-content\/uploads\/2019\/08\/winterwanderung.jpg 808w, https:\/\/www.ff-gruenburg.at\/ff\/wp-content\/uploads\/2019\/08\/winterwanderung-300x205.jpg 300w, https:\/\/www.ff-gruenburg.at\/ff\/wp-content\/uploads\/2019\/08\/winterwanderung-768x525.jpg 768w, https:\/\/www.ff-gruenburg.at\/ff\/wp-content\/uploads\/2019\/08\/winterwanderung-150x102.jpg 150w\" sizes=\"auto, (max-width: 808px) 100vw, 808px\" \/><figcaption class=\"wp-element-caption\">Winterwanderung auf die Gr\u00fcnburger H\u00fctte mit Rodelpartie  auf der Forststra\u00dfe <\/figcaption><\/figure>\n\n\n\n<h2 class=\"wp-block-heading\">1994<\/h2>\n\n\n\n<p><br> Jugendgruppe: 16 JFM <br> Beim Bezirk- Jugendleistungsbewerb den 3. Rang erreicht<br> Beim Bezirksschirennen in der Gruppenwertung den 4. Rang erreicht<br> Jugendgruppe 1994 <\/p>\n\n\n<div class=\"wp-block-image\">\n<figure class=\"aligncenter is-resized\"><img loading=\"lazy\" decoding=\"async\" width=\"1024\" height=\"685\" src=\"https:\/\/www.ff-gruenburg.at\/ff\/wp-content\/uploads\/2019\/08\/Jugendgruppe-1994-1024x685.jpg\" alt=\"\" class=\"wp-image-416\" style=\"width:439px;height:293px\" srcset=\"https:\/\/www.ff-gruenburg.at\/ff\/wp-content\/uploads\/2019\/08\/Jugendgruppe-1994.jpg 1024w, https:\/\/www.ff-gruenburg.at\/ff\/wp-content\/uploads\/2019\/08\/Jugendgruppe-1994-300x201.jpg 300w, https:\/\/www.ff-gruenburg.at\/ff\/wp-content\/uploads\/2019\/08\/Jugendgruppe-1994-768x514.jpg 768w, https:\/\/www.ff-gruenburg.at\/ff\/wp-content\/uploads\/2019\/08\/Jugendgruppe-1994-150x100.jpg 150w, https:\/\/www.ff-gruenburg.at\/ff\/wp-content\/uploads\/2019\/08\/Jugendgruppe-1994-1000x669.jpg 1000w\" sizes=\"auto, (max-width: 1024px) 100vw, 1024px\" \/><figcaption class=\"wp-element-caption\">Kniende Reihe v.I.:  Mario Hofstetter, Daniel Klausriegler, Thomas Teichmann, Christian Schmidt <br> Stehende Reihe v.I.:  Thomas Retschitzegger; Martin Skerlan, Thomas Aigner, Bernhard Bichler,  Christian Skerlan, Werner Kieweg, Dieter Folie, Thorsten Honig, Thomas  Schmidt, Walter Kieweg, Markus Samwald, Robert Grieshofer <\/figcaption><\/figure>\n<\/div>\n\n\n<h2 class=\"wp-block-heading\"> 1995<\/h2>\n\n\n\n<p><br> Jugendgruppe: 16 JFM <br> Neuaufnahme: Martin Preundler<br> Teilnahme von 2 Gruppen am Jugendleistungsbewerb, beim Bezirksbewerb  <br> in Silber den 2 Rang und in Bronze den 4 Rang erreicht<br> Sieger des Bezirks-Fu\u00dfball Turniers<\/p>\n\n\n\n<figure class=\"wp-block-image\"><img loading=\"lazy\" decoding=\"async\" width=\"794\" height=\"530\" src=\"https:\/\/www.ff-gruenburg.at\/ff\/wp-content\/uploads\/2019\/08\/Fu\u00dfball-1995.jpg\" alt=\"\" class=\"wp-image-414\" srcset=\"https:\/\/www.ff-gruenburg.at\/ff\/wp-content\/uploads\/2019\/08\/Fu\u00dfball-1995.jpg 794w, https:\/\/www.ff-gruenburg.at\/ff\/wp-content\/uploads\/2019\/08\/Fu\u00dfball-1995-300x200.jpg 300w, https:\/\/www.ff-gruenburg.at\/ff\/wp-content\/uploads\/2019\/08\/Fu\u00dfball-1995-768x513.jpg 768w, https:\/\/www.ff-gruenburg.at\/ff\/wp-content\/uploads\/2019\/08\/Fu\u00dfball-1995-150x100.jpg 150w\" sizes=\"auto, (max-width: 794px) 100vw, 794px\" \/><figcaption class=\"wp-element-caption\">Fussballturnier <\/figcaption><\/figure>\n\n\n\n<h2 class=\"wp-block-heading\">1996<\/h2>\n\n\n\n<p><br> \u00c4nderung der Betreuung der Jugendgruppe: <br> Jugendbetreuer &#8211; Josef Kieweg, Jugendhelfer &#8211; Stefan Bergmair <br> Jugendgruppe: 16 JFM <br> Gesamtsieger von Bewerb, Spielen und Zeltordnung beim <br> Bezirksjugendlager<\/p>\n\n\n\n<figure class=\"wp-block-image\"><img loading=\"lazy\" decoding=\"async\" width=\"1016\" height=\"616\" src=\"https:\/\/www.ff-gruenburg.at\/ff\/wp-content\/uploads\/2019\/08\/Jugendlager-1996.jpg\" alt=\"\" class=\"wp-image-419\" srcset=\"https:\/\/www.ff-gruenburg.at\/ff\/wp-content\/uploads\/2019\/08\/Jugendlager-1996.jpg 1016w, https:\/\/www.ff-gruenburg.at\/ff\/wp-content\/uploads\/2019\/08\/Jugendlager-1996-300x182.jpg 300w, https:\/\/www.ff-gruenburg.at\/ff\/wp-content\/uploads\/2019\/08\/Jugendlager-1996-768x466.jpg 768w, https:\/\/www.ff-gruenburg.at\/ff\/wp-content\/uploads\/2019\/08\/Jugendlager-1996-150x91.jpg 150w, https:\/\/www.ff-gruenburg.at\/ff\/wp-content\/uploads\/2019\/08\/Jugendlager-1996-1000x606.jpg 1000w\" sizes=\"auto, (max-width: 1016px) 100vw, 1016px\" \/><figcaption class=\"wp-element-caption\">3-tagiges Bezirks-jugendlager in der Welchau<\/figcaption><\/figure>\n\n\n\n<h2 class=\"wp-block-heading\">1997<\/h2>\n\n\n\n<p><br> Jugendgruppe: 18 JFM <br> Neuaufnahmen: Philipp Gram, Karl Vogl, Patrick Gassenbauer, Robert <br> Kammerhuber, J\u00fcrgen Manko, Rafael Gram, Daniel Hofstetter, Andreas <br> Winkler, Sascha Alterm\u00fcller, Bernhard Grabner, Lukas Lehner <br> Gesamtsieger beim Bezirksjugendlager in der Welchau. <br> <\/p>\n\n\n\n<figure class=\"wp-block-gallery has-nested-images columns-default is-cropped wp-block-gallery-2 is-layout-flex wp-block-gallery-is-layout-flex\">\n<figure class=\"wp-block-image\"><img loading=\"lazy\" decoding=\"async\" width=\"1013\" height=\"557\" data-id=\"420\" src=\"https:\/\/www.ff-gruenburg.at\/ff\/wp-content\/uploads\/2019\/08\/Jugendlager-1997.jpg\" alt=\"\" class=\"wp-image-420\" srcset=\"https:\/\/www.ff-gruenburg.at\/ff\/wp-content\/uploads\/2019\/08\/Jugendlager-1997.jpg 1013w, https:\/\/www.ff-gruenburg.at\/ff\/wp-content\/uploads\/2019\/08\/Jugendlager-1997-300x165.jpg 300w, https:\/\/www.ff-gruenburg.at\/ff\/wp-content\/uploads\/2019\/08\/Jugendlager-1997-768x422.jpg 768w, https:\/\/www.ff-gruenburg.at\/ff\/wp-content\/uploads\/2019\/08\/Jugendlager-1997-150x82.jpg 150w, https:\/\/www.ff-gruenburg.at\/ff\/wp-content\/uploads\/2019\/08\/Jugendlager-1997-1000x550.jpg 1000w\" sizes=\"auto, (max-width: 1013px) 100vw, 1013px\" \/><figcaption class=\"wp-element-caption\">Jugendlager in der Welchau<\/figcaption><\/figure>\n\n\n\n<figure class=\"wp-block-image\"><img loading=\"lazy\" decoding=\"async\" width=\"1010\" height=\"528\" data-id=\"429\" src=\"https:\/\/www.ff-gruenburg.at\/ff\/wp-content\/uploads\/2019\/08\/Nachtwnderung-1997.jpg\" alt=\"\" class=\"wp-image-429\" srcset=\"https:\/\/www.ff-gruenburg.at\/ff\/wp-content\/uploads\/2019\/08\/Nachtwnderung-1997.jpg 1010w, https:\/\/www.ff-gruenburg.at\/ff\/wp-content\/uploads\/2019\/08\/Nachtwnderung-1997-300x157.jpg 300w, https:\/\/www.ff-gruenburg.at\/ff\/wp-content\/uploads\/2019\/08\/Nachtwnderung-1997-768x401.jpg 768w, https:\/\/www.ff-gruenburg.at\/ff\/wp-content\/uploads\/2019\/08\/Nachtwnderung-1997-150x78.jpg 150w, https:\/\/www.ff-gruenburg.at\/ff\/wp-content\/uploads\/2019\/08\/Nachtwnderung-1997-1000x523.jpg 1000w\" sizes=\"auto, (max-width: 1010px) 100vw, 1010px\" \/><figcaption class=\"wp-element-caption\">Nachtwanderung mit Hindernisspacour<\/figcaption><\/figure>\n<\/figure>\n\n\n\n<p>Jugendgruppe 1997 <\/p>\n\n\n\n<figure class=\"wp-block-image is-resized\"><img loading=\"lazy\" decoding=\"async\" width=\"1013\" height=\"669\" src=\"https:\/\/www.ff-gruenburg.at\/ff\/wp-content\/uploads\/2019\/08\/Jugendgruppe-1997.jpg\" alt=\"\" class=\"wp-image-417\" style=\"width:516px;height:341px\" srcset=\"https:\/\/www.ff-gruenburg.at\/ff\/wp-content\/uploads\/2019\/08\/Jugendgruppe-1997.jpg 1013w, https:\/\/www.ff-gruenburg.at\/ff\/wp-content\/uploads\/2019\/08\/Jugendgruppe-1997-300x198.jpg 300w, https:\/\/www.ff-gruenburg.at\/ff\/wp-content\/uploads\/2019\/08\/Jugendgruppe-1997-768x507.jpg 768w, https:\/\/www.ff-gruenburg.at\/ff\/wp-content\/uploads\/2019\/08\/Jugendgruppe-1997-150x99.jpg 150w, https:\/\/www.ff-gruenburg.at\/ff\/wp-content\/uploads\/2019\/08\/Jugendgruppe-1997-1000x660.jpg 1000w\" sizes=\"auto, (max-width: 1013px) 100vw, 1013px\" \/><figcaption class=\"wp-element-caption\">Kniende Reihe:  Patrick Gassenbauer; Daniel Hofstetter; J\u00fcrgen Manko, Bernhard  Grabner; Lukas Lehner <br> Stehende Reihe:  Bernhard Bichler; Andreas Winkler; Philipp Gram, Martin Preundler;  Thomas Retschitzegger; Sascha Alterm\u00fcller; Daniel Klausriegler;  Robert Kammerhuber, Werner Kieweg, Jugendbetreuer Josef Kieweg <br> Nicht auf dem Foto:  Dieter Folie, Thorsten Honig, Karl Vogl, Rafael Gram  <\/figcaption><\/figure>\n\n\n\n<h2 class=\"wp-block-heading\">1998<\/h2>\n\n\n\n<p><br> Jugendgruppe: 12 JFM <br> Neuaufnahme: Benjamin Samwald<br> Zum 3. Mal in Folge Gesamtsieger am Bezirks-Jugendlager und somit<br> Verbleib des gro\u00dfen Wanderpokals bei der Jugendgruppe in Gr\u00fcnburg<\/p>\n\n\n\n<figure class=\"wp-block-gallery has-nested-images columns-default is-cropped wp-block-gallery-3 is-layout-flex wp-block-gallery-is-layout-flex\">\n<figure class=\"wp-block-image\"><img loading=\"lazy\" decoding=\"async\" width=\"1013\" height=\"557\" data-id=\"411\" src=\"https:\/\/www.ff-gruenburg.at\/ff\/wp-content\/uploads\/2019\/08\/Eisstockschiessen-1997.jpg\" alt=\"\" class=\"wp-image-411\" srcset=\"https:\/\/www.ff-gruenburg.at\/ff\/wp-content\/uploads\/2019\/08\/Eisstockschiessen-1997.jpg 1013w, https:\/\/www.ff-gruenburg.at\/ff\/wp-content\/uploads\/2019\/08\/Eisstockschiessen-1997-300x165.jpg 300w, https:\/\/www.ff-gruenburg.at\/ff\/wp-content\/uploads\/2019\/08\/Eisstockschiessen-1997-768x422.jpg 768w, https:\/\/www.ff-gruenburg.at\/ff\/wp-content\/uploads\/2019\/08\/Eisstockschiessen-1997-150x82.jpg 150w, https:\/\/www.ff-gruenburg.at\/ff\/wp-content\/uploads\/2019\/08\/Eisstockschiessen-1997-1000x550.jpg 1000w\" sizes=\"auto, (max-width: 1013px) 100vw, 1013px\" \/><figcaption class=\"wp-element-caption\">Jugendeisstockschiessen<\/figcaption><\/figure>\n\n\n\n<figure class=\"wp-block-image\"><img loading=\"lazy\" decoding=\"async\" width=\"1013\" height=\"546\" data-id=\"431\" src=\"https:\/\/www.ff-gruenburg.at\/ff\/wp-content\/uploads\/2019\/08\/Radausflug.jpg\" alt=\"\" class=\"wp-image-431\" srcset=\"https:\/\/www.ff-gruenburg.at\/ff\/wp-content\/uploads\/2019\/08\/Radausflug.jpg 1013w, https:\/\/www.ff-gruenburg.at\/ff\/wp-content\/uploads\/2019\/08\/Radausflug-300x162.jpg 300w, https:\/\/www.ff-gruenburg.at\/ff\/wp-content\/uploads\/2019\/08\/Radausflug-768x414.jpg 768w, https:\/\/www.ff-gruenburg.at\/ff\/wp-content\/uploads\/2019\/08\/Radausflug-150x81.jpg 150w, https:\/\/www.ff-gruenburg.at\/ff\/wp-content\/uploads\/2019\/08\/Radausflug-1000x539.jpg 1000w\" sizes=\"auto, (max-width: 1013px) 100vw, 1013px\" \/><figcaption class=\"wp-element-caption\">Radtour mit der Steyrtalbahn<\/figcaption><\/figure>\n<\/figure>\n\n\n\n<h2 class=\"wp-block-heading\">1999<\/h2>\n\n\n\n<p><br> \u00c4nderung der Betreuung der Jugendgruppe Jugend Betreuer <br> Josef Kieweg, <br> Jugendhelfer <br> Martin Skerlan,<br> Thomas Aigner; <br> Bernhard Bichler<br> Jugendgruppe: 13 JFM<br>  Neuaufnahme: <br> Markus Leithinger<br> <\/p>\n\n\n\n<figure class=\"wp-block-gallery has-nested-images columns-default is-cropped wp-block-gallery-4 is-layout-flex wp-block-gallery-is-layout-flex\">\n<figure class=\"wp-block-image\"><img loading=\"lazy\" decoding=\"async\" width=\"541\" height=\"797\" data-id=\"434\" src=\"https:\/\/www.ff-gruenburg.at\/ff\/wp-content\/uploads\/2019\/08\/Somerwendfeuer-1999.jpg\" alt=\"\" class=\"wp-image-434\" srcset=\"https:\/\/www.ff-gruenburg.at\/ff\/wp-content\/uploads\/2019\/08\/Somerwendfeuer-1999.jpg 541w, https:\/\/www.ff-gruenburg.at\/ff\/wp-content\/uploads\/2019\/08\/Somerwendfeuer-1999-204x300.jpg 204w, https:\/\/www.ff-gruenburg.at\/ff\/wp-content\/uploads\/2019\/08\/Somerwendfeuer-1999-102x150.jpg 102w\" sizes=\"auto, (max-width: 541px) 100vw, 541px\" \/><figcaption class=\"wp-element-caption\">Sonnwendfeuer mit Spielen<\/figcaption><\/figure>\n\n\n\n<figure class=\"wp-block-image\"><img loading=\"lazy\" decoding=\"async\" width=\"477\" height=\"594\" data-id=\"433\" src=\"https:\/\/www.ff-gruenburg.at\/ff\/wp-content\/uploads\/2019\/08\/Somerwendfeuer-1999-2.jpg\" alt=\"\" class=\"wp-image-433\" srcset=\"https:\/\/www.ff-gruenburg.at\/ff\/wp-content\/uploads\/2019\/08\/Somerwendfeuer-1999-2.jpg 477w, https:\/\/www.ff-gruenburg.at\/ff\/wp-content\/uploads\/2019\/08\/Somerwendfeuer-1999-2-241x300.jpg 241w, https:\/\/www.ff-gruenburg.at\/ff\/wp-content\/uploads\/2019\/08\/Somerwendfeuer-1999-2-120x150.jpg 120w\" sizes=\"auto, (max-width: 477px) 100vw, 477px\" \/><figcaption class=\"wp-element-caption\">Stiefelweitwurf<\/figcaption><\/figure>\n<\/figure>\n\n\n\n<p>Stiefelzielwurf Eierlauf<br> Sackhupfen<br> Seilziehen<br> Ballspiele<\/p>\n\n\n\n<p><br> Teilnahme an der Ferienaktion der Gemeinden Gr\u00fcnburg-Steinbach-Molln. <br> Veranstaltung der Jugendgruppe mit Geschicklichkeitsspielen, Zielspritzen<br>  und Abenteuer-Hindernissparcour im Park der Raiffeisenkasse. <\/p>\n\n\n<div class=\"wp-block-image\">\n<figure class=\"aligncenter\"><img loading=\"lazy\" decoding=\"async\" width=\"1017\" height=\"775\" src=\"https:\/\/www.ff-gruenburg.at\/ff\/wp-content\/uploads\/2019\/08\/Ferienaktion-1999.jpg\" alt=\"\" class=\"wp-image-412\" srcset=\"https:\/\/www.ff-gruenburg.at\/ff\/wp-content\/uploads\/2019\/08\/Ferienaktion-1999.jpg 1017w, https:\/\/www.ff-gruenburg.at\/ff\/wp-content\/uploads\/2019\/08\/Ferienaktion-1999-300x229.jpg 300w, https:\/\/www.ff-gruenburg.at\/ff\/wp-content\/uploads\/2019\/08\/Ferienaktion-1999-768x585.jpg 768w, https:\/\/www.ff-gruenburg.at\/ff\/wp-content\/uploads\/2019\/08\/Ferienaktion-1999-150x114.jpg 150w, https:\/\/www.ff-gruenburg.at\/ff\/wp-content\/uploads\/2019\/08\/Ferienaktion-1999-1000x762.jpg 1000w\" sizes=\"auto, (max-width: 1017px) 100vw, 1017px\" \/><\/figure>\n<\/div>\n\n\n<h2 class=\"wp-block-heading\">2000<\/h2>\n\n\n\n<p><br> Jugendbetreuer &#8211; Josef Kieweg<br> Jugend Helfer &#8211; Roland Wei\u00df, Bernhard Bichler, Martin Skerlan <br> Jugendgruppe: 13 JFM<br> Neuaufnahmen: Philipp Deutsch, Markus Hauser, Robert Markowetz, <br> David Neumayr, Robert H\u00f6lzl, Michael Deutsch, Alexander Tuch<br> Austragen des Friedenslichtes in den Ortschaften Untergr\u00fcnburg, St.Nikola<br> und Obergr\u00fcnburg am Weihnachtstag mit Sammlung f\u00fcr<br> die Aktion &#8222;Licht ins Dunkel&#8220;<\/p>\n\n\n\n<figure class=\"wp-block-image\"><img loading=\"lazy\" decoding=\"async\" width=\"1016\" height=\"589\" src=\"https:\/\/www.ff-gruenburg.at\/ff\/wp-content\/uploads\/2019\/08\/Friedenslicht-2000-e1567150533172.jpg\" alt=\"\" class=\"wp-image-413\"\/><figcaption class=\"wp-element-caption\">Freiedenslichtaktion\n<\/figcaption><\/figure>\n\n\n\n<h2 class=\"wp-block-heading\">2001<\/h2>\n\n\n\n<p><br> Jugendbetreuer &#8211; Josef Kieweg<br> Jugendhelfer &#8211; Roland Wei\u00df, Bernhard Bichler, Martin Skerlan <br> Jugendgruppe: 12 JFM <br> Bezirksschirennen: Sieger in der Altersgruppe 10 &#8211; 12 Jahre Robert <br> Markowetz <\/p>\n\n\n\n<p>Jugendgruppe 2001<\/p>\n\n\n<div class=\"wp-block-image\">\n<figure class=\"aligncenter\"><img loading=\"lazy\" decoding=\"async\" width=\"1018\" height=\"645\" src=\"https:\/\/www.ff-gruenburg.at\/ff\/wp-content\/uploads\/2019\/08\/Jugendgruppe-2001.jpg\" alt=\"\" class=\"wp-image-418\" srcset=\"https:\/\/www.ff-gruenburg.at\/ff\/wp-content\/uploads\/2019\/08\/Jugendgruppe-2001.jpg 1018w, https:\/\/www.ff-gruenburg.at\/ff\/wp-content\/uploads\/2019\/08\/Jugendgruppe-2001-300x190.jpg 300w, https:\/\/www.ff-gruenburg.at\/ff\/wp-content\/uploads\/2019\/08\/Jugendgruppe-2001-768x487.jpg 768w, https:\/\/www.ff-gruenburg.at\/ff\/wp-content\/uploads\/2019\/08\/Jugendgruppe-2001-150x95.jpg 150w, https:\/\/www.ff-gruenburg.at\/ff\/wp-content\/uploads\/2019\/08\/Jugendgruppe-2001-1000x634.jpg 1000w\" sizes=\"auto, (max-width: 1018px) 100vw, 1018px\" \/><figcaption class=\"wp-element-caption\">I. Reihe sitzend v.I.:  Robert H\u00f6lzl, J\u00fcrgen Manko, Alexander Tuch, Robert Markowetz, Daniel  Hofstetter, Markus Hauser  <br>2. Reihe stehend v.I.: Josef Kieweg, Martin Skerlan, Markus Leithinger, Robert Kammerhuber,  Philipp Deutsch, Sascha Alterm\u00fcller, Benjamin Samwald, Andreas Winkler,  Roland Wei\u00df, Bernhard Bichler   <\/figcaption><\/figure>\n<\/div>\n\n\n<h2 class=\"wp-block-heading\">2023<\/h2>\n\n\n\n<p class=\"has-black-color has-text-color has-link-color wp-elements-b0d1582eb1d4d885781b2f6a063b1017\">Jugendbetreuer: Matthias Florian Kogler<br>Jugendhelfer: Johannes Andreas Kogler, Matthias Bauhofer, Kevin Lindinger<br>Jugendgruppe: 12 JFM<\/p>\n\n\n\n<p class=\"has-text-color has-link-color wp-elements-0484c7d78aa0a0c0e850b12a4b72beec\" style=\"color:#c01f2f\">Jugendgruppe 2023<\/p>\n\n\n\n<figure class=\"wp-block-image size-large\"><img loading=\"lazy\" decoding=\"async\" width=\"1024\" height=\"683\" src=\"https:\/\/www.ff-gruenburg.at\/ff\/wp-content\/uploads\/2024\/03\/1S5A8970-1024x683.jpg\" alt=\"\" class=\"wp-image-1890\" srcset=\"https:\/\/www.ff-gruenburg.at\/ff\/wp-content\/uploads\/2024\/03\/1S5A8970-1024x683.jpg 1024w, https:\/\/www.ff-gruenburg.at\/ff\/wp-content\/uploads\/2024\/03\/1S5A8970-300x200.jpg 300w, https:\/\/www.ff-gruenburg.at\/ff\/wp-content\/uploads\/2024\/03\/1S5A8970-768x512.jpg 768w, https:\/\/www.ff-gruenburg.at\/ff\/wp-content\/uploads\/2024\/03\/1S5A8970-1536x1024.jpg 1536w, https:\/\/www.ff-gruenburg.at\/ff\/wp-content\/uploads\/2024\/03\/1S5A8970-2048x1365.jpg 2048w, https:\/\/www.ff-gruenburg.at\/ff\/wp-content\/uploads\/2024\/03\/1S5A8970-120x80.jpg 120w\" sizes=\"auto, (max-width: 1024px) 100vw, 1024px\" \/><figcaption class=\"wp-element-caption\">1. Reihe v. l. n. r.: Dominik Marchgrabner, Matthias Bauhofer, Johannes Andreas Kogler, Kevin Lindinger, Matthias Florian Kogler, Niklas Grieshofer, Leonard Kandra<br>2. Reihe v. l. n. r.: Felix Kranawetter, Leon Rathberger, Sebastian Bauhofer, Leon Berger, Ren\u00e9 Marchgrabner, Marcel Berger<\/figcaption><\/figure>\n\n\n<p><!--EndFragment--><\/p>","protected":false},"excerpt":{"rendered":"<p>Geschichte der Jugendgruppe 1990 Gr\u00fcndung der Jugendgruppe im Marz 1990 unter dem Kommandanten Karl Schwarz. Die Kameraden Josef Schardax als<\/p>\n","protected":false},"author":14,"featured_media":0,"parent":0,"menu_order":0,"comment_status":"closed","ping_status":"closed","template":"","meta":{"ngg_post_thumbnail":0,"footnotes":""},"class_list":["post-572","page","type-page","status-publish","hentry"],"_links":{"self":[{"href":"https:\/\/www.ff-gruenburg.at\/ff\/wp-json\/wp\/v2\/pages\/572","targetHints":{"allow":["GET"]}}],"collection":[{"href":"https:\/\/www.ff-gruenburg.at\/ff\/wp-json\/wp\/v2\/pages"}],"about":[{"href":"https:\/\/www.ff-gruenburg.at\/ff\/wp-json\/wp\/v2\/types\/page"}],"author":[{"embeddable":true,"href":"https:\/\/www.ff-gruenburg.at\/ff\/wp-json\/wp\/v2\/users\/14"}],"replies":[{"embeddable":true,"href":"https:\/\/www.ff-gruenburg.at\/ff\/wp-json\/wp\/v2\/comments?post=572"}],"version-history":[{"count":4,"href":"https:\/\/www.ff-gruenburg.at\/ff\/wp-json\/wp\/v2\/pages\/572\/revisions"}],"predecessor-version":[{"id":2085,"href":"https:\/\/www.ff-gruenburg.at\/ff\/wp-json\/wp\/v2\/pages\/572\/revisions\/2085"}],"wp:attachment":[{"href":"https:\/\/www.ff-gruenburg.at\/ff\/wp-json\/wp\/v2\/media?parent=572"}],"curies":[{"name":"wp","href":"https:\/\/api.w.org\/{rel}","templated":true}]}}